{"id":189,"date":"2022-02-12T15:14:47","date_gmt":"2022-02-12T14:14:47","guid":{"rendered":"http:\/\/vanessahamelin.com\/?page_id=189"},"modified":"2022-06-10T08:54:10","modified_gmt":"2022-06-10T06:54:10","slug":"intervention-a-domicile","status":"publish","type":"page","link":"https:\/\/vanessahamelin.com\/index.php\/intervention-a-domicile\/","title":{"rendered":"Intervention \u00e0 domicile"},"content":{"rendered":"\n<div style=\"height:50px\" aria-hidden=\"true\" class=\"wp-block-spacer\"><\/div>\n\n\n\n<div class=\"wp-block-columns alignwide\">\n<div class=\"wp-block-column\" style=\"flex-basis:40%\">\n<div id=\"metaslider-id-590\" style=\"max-width: 1024px;\" class=\"ml-slider-3-27-13 metaslider metaslider-flex metaslider-590 ml-slider\">\n    <div id=\"metaslider_container_590\">\n        <div id=\"metaslider_590\">\n            <ul aria-live=\"polite\" class=\"slides\">\n                <li style=\"display: block; width: 100%;\" class=\"slide-591 ms-image\"><img src=\"https:\/\/vanessahamelin.com\/wp-content\/uploads\/2022\/06\/photo-re\u0301sident-5-scaled-1024x1024.jpg\" height=\"1024\" width=\"1024\" alt=\"\" class=\"slider-590 slide-591\" title=\"photo re\u0301sident 5\" \/><\/li>\n                <li style=\"display: none; width: 100%;\" class=\"slide-592 ms-image\"><img src=\"https:\/\/vanessahamelin.com\/wp-content\/uploads\/2022\/06\/API_9122-Modifier-scaled-1024x1024.jpg\" height=\"1024\" width=\"1024\" alt=\"\" class=\"slider-590 slide-592\" title=\"API_9122-Modifier\" \/><\/li>\n                <li style=\"display: none; width: 100%;\" class=\"slide-593 ms-image\"><img src=\"https:\/\/vanessahamelin.com\/wp-content\/uploads\/2022\/06\/API_9135-Modifier-scaled-1024x1024.jpg\" height=\"1024\" width=\"1024\" alt=\"\" class=\"slider-590 slide-593\" title=\"API_9135-Modifier\" \/><\/li>\n            <\/ul>\n        <\/div>\n        \n    <\/div>\n<\/div>\n<\/div>\n\n\n\n<div class=\"wp-block-column\" style=\"flex-basis:60%\">\n<h3 id=\"l-activites-physiques-adaptees-est-la-cle-du-bien-vieillir\">Mon intervention \u00e0 domicile<\/h3>\n\n\n\n<blockquote class=\"wp-block-quote has-text-align-left is-style-large\" style=\"font-size:12px\"><p>\u201c<em>Pr\u00e9venir pour mieux gu\u00e9rir<\/em>\u201d<\/p><\/blockquote>\n\n\n\n<p><strong>Retarder l&rsquo;entr\u00e9e en institution est ma priorit\u00e9.<\/strong> &nbsp;<\/p>\n\n\n\n<h3><\/h3>\n\n\n\n<p>Vous n\u2019avez pas la capacit\u00e9 de visiter r\u00e9guli\u00e8rement votre parent, il vous semble que petit \u00e0 petit il se met \u00e0 l\u2019\u00e9cart de la vie et de la soci\u00e9t\u00e9. Il manque d\u2019objectif au quotidien et il semble que la position assise ou allong\u00e9e devient une habitude. Vous \u00eates inquiets et vous vous demandez comment rem\u00e9dier \u00e0 cette situation car cette tendance comme vous l\u2019avez comprise est n\u00e9faste et peut tr\u00e8s rapidement changer le cours de la vie de votre proche.<\/p>\n\n\n\n<p>Il faut bien admettre que l\u2019admission dans un \u00e9tablissement d&rsquo;accueil peut-\u00eatre une \u00e9tape difficile pour les personnes \u00e2g\u00e9es et pour leurs proches.&nbsp; Beaucoup de personnes \u00e2g\u00e9es se remettent difficilement du fait de quitter leurs domiciles, leurs habitudes et tout ce qui faisait leur quotidien.&nbsp;<\/p>\n\n\n\n<p>Mon objectif aujourd\u2019hui est de retarder au maximum ce d\u00e9part en \u00e9tablissement d&rsquo;accueil. Pour cela il est primordial, d&rsquo;encourager votre proche \u00e0 rester actif, d\u2019anticiper la perte de vitesse, bien qu&rsquo;il soit toujours ind\u00e9pendant.&nbsp;<\/p>\n\n\n\n<p>Mes services sont une r\u00e9elle alternative \u00e0 l&rsquo;entr\u00e9e en \u00e9tablissement. Je m&rsquo;adonne \u00e0 quantifier le niveau d&rsquo;activit\u00e9 physique hebdomadaire et \u00e0 \u00e9valuer les capacit\u00e9s physiques globales de votre proche pour ensuite mettre en place un accompagnement, un programme sur mesure d&rsquo;activit\u00e9 physique. M\u00eame quelques heures par semaine, le fait de rester actif physiquement et intellectuellement ralenti consid\u00e9rablement le vieillissement. <\/p>\n\n\n\n<p><strong>Mon intervention se fait sur demande directe du client et non sur prescription.<\/strong> <strong>Vous b\u00e9n\u00e9ficiez d&rsquo;un cr\u00e9dit d&rsquo;imp\u00f4t \u00e9gal \u00e0 50% des sommes d\u00e9pens\u00e9es. <\/strong><\/p>\n\n\n\n<ul><li><strong>Premier contact<\/strong> avec le client gratuit. Profitez en !  il s\u2019agit d\u2019un entretien individuel qui peut durer 1 heure \u00e0 1 heure et demi qui est un moment de partage et d&rsquo;\u00e9coute dans un esprit de convivialit\u00e9 qui va nous permettre de faire connaissance, de faire le point sur les diff\u00e9rents objectifs souhait\u00e9s et de connaitre les r\u00e9elles motivations. <\/li><\/ul>\n\n\n\n<ul><li><strong>Premi\u00e8re s\u00e9ance<\/strong> : r\u00e9alisation d&rsquo;un bilan initial (diff\u00e9rents tests de condition physique) afin de r\u00e9aliser un programme d&rsquo;activit\u00e9 physique,  adapt\u00e9 \u00e0 vos besoins, \u00e0 vos attentes et vos capacit\u00e9s. <\/li><\/ul>\n\n\n\n<p>Suite \u00e0 la premi\u00e8re s\u00e9ance bilan, nous commencerons l&rsquo;accompagnement personnel pendant 1 mois. L&rsquo;accompagnement se fera de mani\u00e8re r\u00e9guli\u00e8re, 2 \u00e0 3 s\u00e9ances par semaine, d&rsquo;une heure environ, pour atteindre les objectifs souhait\u00e9s.  <\/p>\n\n\n\n<ul><li><strong>Atteinte des objectifs&nbsp;<\/strong><\/li><\/ul>\n\n\n\n<p>Si les objectifs \u00e0 atteindre demande davantage de temps, si bouger n&rsquo;est pas encore devenu une habitude de vie,  je peux poursuivre avec plaisir les s\u00e9ances. <\/p>\n\n\n\n<p>A votre demande, un email de suivi par semaine est tout \u00e0 fait envisageable. <\/p>\n\n\n\n<p><\/p>\n\n\n\n<p><\/p>\n<\/div>\n<\/div>\n\n\n\n<div style=\"height:50px\" aria-hidden=\"true\" class=\"wp-block-spacer\"><\/div>\n","protected":false},"excerpt":{"rendered":"<p>Mon intervention \u00e0 domicile \u201cPr\u00e9venir pour mieux gu\u00e9rir\u201d Retarder l&rsquo;entr\u00e9e en institution est ma priorit\u00e9. &nbsp; Vous n\u2019avez pas la capacit\u00e9 de visiter r\u00e9guli\u00e8rement votre parent, il vous semble que petit \u00e0 petit il se met \u00e0 l\u2019\u00e9cart de la vie et de la soci\u00e9t\u00e9. Il manque d\u2019objectif au quotidien et il semble que la &hellip;<\/p>\n<p class=\"read-more\"> <a class=\"\" href=\"https:\/\/vanessahamelin.com\/index.php\/intervention-a-domicile\/\"> <span class=\"screen-reader-text\">Intervention \u00e0 domicile<\/span> Lire la suite\u00a0\u00bb<\/a><\/p>\n","protected":false},"author":1,"featured_media":0,"parent":0,"menu_order":3,"comment_status":"closed","ping_status":"closed","template":"","meta":{"site-sidebar-layout":"default","site-content-layout":"default","ast-main-header-display":"","ast-hfb-above-header-display":"","ast-hfb-below-header-display":"","ast-hfb-mobile-header-display":"","site-post-title":"disabled","ast-breadcrumbs-content":"","ast-featured-img":"","footer-sml-layout":"","theme-transparent-header-meta":"","adv-header-id-meta":"","stick-header-meta":"","header-above-stick-meta":"","header-main-stick-meta":"","header-below-stick-meta":""},"_links":{"self":[{"href":"https:\/\/vanessahamelin.com\/index.php\/wp-json\/wp\/v2\/pages\/189"}],"collection":[{"href":"https:\/\/vanessahamelin.com\/index.php\/wp-json\/wp\/v2\/pages"}],"about":[{"href":"https:\/\/vanessahamelin.com\/index.php\/wp-json\/wp\/v2\/types\/page"}],"author":[{"embeddable":true,"href":"https:\/\/vanessahamelin.com\/index.php\/wp-json\/wp\/v2\/users\/1"}],"replies":[{"embeddable":true,"href":"https:\/\/vanessahamelin.com\/index.php\/wp-json\/wp\/v2\/comments?post=189"}],"version-history":[{"count":24,"href":"https:\/\/vanessahamelin.com\/index.php\/wp-json\/wp\/v2\/pages\/189\/revisions"}],"predecessor-version":[{"id":597,"href":"https:\/\/vanessahamelin.com\/index.php\/wp-json\/wp\/v2\/pages\/189\/revisions\/597"}],"wp:attachment":[{"href":"https:\/\/vanessahamelin.com\/index.php\/wp-json\/wp\/v2\/media?parent=189"}],"curies":[{"name":"wp","href":"https:\/\/api.w.org\/{rel}","templated":true}]}}