{"id":191,"date":"2022-02-12T15:16:12","date_gmt":"2022-02-12T14:16:12","guid":{"rendered":"http:\/\/vanessahamelin.com\/?page_id=191"},"modified":"2022-06-09T13:15:26","modified_gmt":"2022-06-09T11:15:26","slug":"intervention-en-ehpad","status":"publish","type":"page","link":"https:\/\/vanessahamelin.com\/index.php\/intervention-en-ehpad\/","title":{"rendered":"Intervention en \u00e9tablissement d&rsquo;accueil"},"content":{"rendered":"\n<div style=\"height:50px\" aria-hidden=\"true\" class=\"wp-block-spacer\"><\/div>\n\n\n\n<h3>Mon intervention en \u00e9tablissement d&rsquo;accueil pour la personne \u00e2g\u00e9e<\/h3>\n\n\n\n<div id=\"metaslider-id-498\" style=\"max-width: 484px;\" class=\"ml-slider-3-27-13 metaslider metaslider-flex metaslider-498 ml-slider\">\n    <div id=\"metaslider_container_498\">\n        <div id=\"metaslider_498\">\n            <ul aria-live=\"polite\" class=\"slides\">\n                <li style=\"display: block; width: 100%;\" class=\"slide-519 ms-image\"><img src=\"https:\/\/vanessahamelin.com\/wp-content\/uploads\/2022\/05\/API_9089-scaled-484x323.jpg\" height=\"323\" width=\"484\" alt=\"\" class=\"slider-498 slide-519\" title=\"API_9089\" \/><\/li>\n                <li style=\"display: none; width: 100%;\" class=\"slide-520 ms-image\"><img src=\"https:\/\/vanessahamelin.com\/wp-content\/uploads\/2022\/05\/photo-re\u0301sident-3-scaled-484x323.jpg\" height=\"323\" width=\"484\" alt=\"\" class=\"slider-498 slide-520\" title=\"photo re\u0301sident 3\" \/><\/li>\n                <li style=\"display: none; width: 100%;\" class=\"slide-523 ms-image\"><img src=\"https:\/\/vanessahamelin.com\/wp-content\/uploads\/2022\/05\/API_9078-scaled-484x323.jpg\" height=\"323\" width=\"484\" alt=\"\" class=\"slider-498 slide-523\" title=\"API_9078\" \/><\/li>\n                <li style=\"display: none; width: 100%;\" class=\"slide-572 ms-image\"><img src=\"https:\/\/vanessahamelin.com\/wp-content\/uploads\/2022\/06\/API_9117-scaled-484x323.jpg\" height=\"323\" width=\"484\" alt=\"\" class=\"slider-498 slide-572\" title=\"API_9117\" \/><\/li>\n                <li style=\"display: none; width: 100%;\" class=\"slide-587 ms-image\"><img src=\"https:\/\/vanessahamelin.com\/wp-content\/uploads\/2022\/06\/API_9093-scaled-484x323.jpg\" height=\"323\" width=\"484\" alt=\"\" class=\"slider-498 slide-587\" title=\"API_9093\" \/><\/li>\n            <\/ul>\n        <\/div>\n        \n    <\/div>\n<\/div>\n\n\n\n<p>En \u00e9tablissement d&rsquo;accueil , les Activit\u00e9s Physiques Adapt\u00e9es ne font pas toujours partie du projet de vie de l\u2019\u00e9tablissement et encore moins du projet de vie personnalis\u00e9 de la personne \u00e2g\u00e9e.&nbsp;Je suis convaincue, apr\u00e8s 13 ann\u00e9es d&rsquo;exp\u00e9rience, de l&rsquo;importance de la mise en place de mes services aupr\u00e8s de la personne \u00e2g\u00e9e et aupr\u00e8s du personnel soignant. <\/p>\n\n\n\n<p>Quand la personne \u00e2g\u00e9e fait le choix d&rsquo;accepter mes services, ma prise en charge qui sera individuelle ou collective sera adapt\u00e9e aux envies, aux besoins et aux capacit\u00e9s de cette personne. Les objectifs de mon accompagnement sont de maintenir, entretenir, stimuler les capacit\u00e9s physiques et cognitives de la personne \u00e2g\u00e9e le plus longtemps possible. C&rsquo;est aussi l&rsquo;encourager \u00e0 cr\u00e9er du lien social, sortir de sa chambre, profiter des ext\u00e9rieurs si le temps le permet, reprendre confiance en elle et se sentir bien. Et tout aussi important, ma bienveillance, mon empathie, mon \u00e9coute , ma joie de vivre, mon humour et mon sourire seront l\u00e0 pour \u00e9gailler le quotidien de la personne \u00e2g\u00e9e. <\/p>\n\n\n\n<p>Favoriser l&rsquo;autonomie, maintenir des acquis notamment dans les actes de la vie quotidienne sont tr\u00e8s b\u00e9n\u00e9fiques pour le personnel soignant. Par exemple, permettre \u00e0 la personne \u00e2g\u00e9e de maintenir ses capacit\u00e9s de transferts avec ou sans aide est quelque chose d&rsquo;extr\u00eamement gratifiant pour lui et permettra de soulager le personnel soignant lors de sa prise en soin. C&rsquo;est un travail d&rsquo;\u00e9quipe b\u00e9n\u00e9fique et appr\u00e9ci\u00e9. <\/p>\n\n\n\n<p><\/p>\n\n\n\n<p>Je propose<strong> une prise en charge individuelle et\/ou collective<\/strong> sous une forme ludique, \u00e9ducative et pr\u00e9ventive.  Ma prise en charge se fait dans la joie et la bonne humeur, en toute s\u00e9curit\u00e9 et en respectant les envies, les douleurs et la dignit\u00e9 de la personne \u00e2g\u00e9e. <\/p>\n\n\n\n<p>Mon r\u00f4le dans <strong>une prise en charge individuelle<\/strong> est notamment d&rsquo;\u00e9viter le d\u00e9conditionnement physique, de faire comprendre l&rsquo;int\u00e9r\u00eat de bouger, de r\u00e9duire les temps d\u2019alitement, favoriser la verticalisation, mettre en place une r\u00e9adaptation \u00e0 la marche r\u00e9guli\u00e8re, proposer un travail progressif de l\u2019\u00e9quilibre et de la marche pour diminuer le risque de chute, s&rsquo;\u00e9panouir et gagner en confiance, travailler sa m\u00e9moire, sa concentration et son attention etc. <\/p>\n\n\n\n<p><strong>En collectif<\/strong> je propose notamment des s\u00e9ances de gymnastique assise, acc\u00e8s \u00e0 tous, des s\u00e9ances de gymnastique debout pour les plus mobiles, des ateliers \u00e9quilibre, etc. Encore une fois le mettre mot est le plaisir. L&rsquo;objectif des s\u00e9ances collectives est de favoriser le lien social, bouger ensemble et de fuir la solitude. <\/p>\n\n\n\n<p>Le fait d&rsquo;avoir un intervenant autre qu&rsquo;un salari\u00e9 de l&rsquo;\u00e9tablissement apporte un regard ext\u00e9rieur positif et stimulant pour les r\u00e9sidents. J&rsquo;ai pendant 13 ann\u00e9es travaill\u00e9 en collaboration aupr\u00e8s d&rsquo;une \u00e9quipe pluridisciplinaire et aupr\u00e8s de diverses familles. Je sais que les \u00e9changes et la communication sont primordiaux. <\/p>\n\n\n\n<p><\/p>\n\n\n\n<p><\/p>\n","protected":false},"excerpt":{"rendered":"<p>Mon intervention en \u00e9tablissement d&rsquo;accueil pour la personne \u00e2g\u00e9e En \u00e9tablissement d&rsquo;accueil , les Activit\u00e9s Physiques Adapt\u00e9es ne font pas toujours partie du projet de vie de l\u2019\u00e9tablissement et encore moins du projet de vie personnalis\u00e9 de la personne \u00e2g\u00e9e.&nbsp;Je suis convaincue, apr\u00e8s 13 ann\u00e9es d&rsquo;exp\u00e9rience, de l&rsquo;importance de la mise en place de mes &hellip;<\/p>\n<p class=\"read-more\"> <a class=\"\" href=\"https:\/\/vanessahamelin.com\/index.php\/intervention-en-ehpad\/\"> <span class=\"screen-reader-text\">Intervention en \u00e9tablissement d&rsquo;accueil<\/span> Lire la suite\u00a0\u00bb<\/a><\/p>\n","protected":false},"author":1,"featured_media":0,"parent":0,"menu_order":4,"comment_status":"closed","ping_status":"closed","template":"","meta":{"site-sidebar-layout":"default","site-content-layout":"default","ast-main-header-display":"","ast-hfb-above-header-display":"","ast-hfb-below-header-display":"","ast-hfb-mobile-header-display":"","site-post-title":"disabled","ast-breadcrumbs-content":"","ast-featured-img":"","footer-sml-layout":"","theme-transparent-header-meta":"","adv-header-id-meta":"","stick-header-meta":"","header-above-stick-meta":"","header-main-stick-meta":"","header-below-stick-meta":""},"_links":{"self":[{"href":"https:\/\/vanessahamelin.com\/index.php\/wp-json\/wp\/v2\/pages\/191"}],"collection":[{"href":"https:\/\/vanessahamelin.com\/index.php\/wp-json\/wp\/v2\/pages"}],"about":[{"href":"https:\/\/vanessahamelin.com\/index.php\/wp-json\/wp\/v2\/types\/page"}],"author":[{"embeddable":true,"href":"https:\/\/vanessahamelin.com\/index.php\/wp-json\/wp\/v2\/users\/1"}],"replies":[{"embeddable":true,"href":"https:\/\/vanessahamelin.com\/index.php\/wp-json\/wp\/v2\/comments?post=191"}],"version-history":[{"count":45,"href":"https:\/\/vanessahamelin.com\/index.php\/wp-json\/wp\/v2\/pages\/191\/revisions"}],"predecessor-version":[{"id":522,"href":"https:\/\/vanessahamelin.com\/index.php\/wp-json\/wp\/v2\/pages\/191\/revisions\/522"}],"wp:attachment":[{"href":"https:\/\/vanessahamelin.com\/index.php\/wp-json\/wp\/v2\/media?parent=191"}],"curies":[{"name":"wp","href":"https:\/\/api.w.org\/{rel}","templated":true}]}}